{"id":8509,"date":"2022-03-22T20:38:13","date_gmt":"2022-03-22T19:38:13","guid":{"rendered":"https:\/\/camping-le-cottet.fr\/la-guinguette\/"},"modified":"2026-03-11T17:45:46","modified_gmt":"2026-03-11T16:45:46","slug":"la-guinguette","status":"publish","type":"page","link":"https:\/\/camping-le-cottet.fr\/en\/la-guinguette\/","title":{"rendered":"The Guinguette"},"content":{"rendered":"\t\t<div data-elementor-type=\"wp-page\" data-elementor-id=\"8509\" class=\"elementor elementor-8509 elementor-634\">\n\t\t\t\t<div class=\"elementor-element elementor-element-5a39b88 e-con-full e-flex parallax_section_no qode_elementor_container_no e-con e-parent\" data-id=\"5a39b88\" data-element_type=\"container\" data-e-type=\"container\">\n\t\t<div class=\"elementor-element elementor-element-33d88e5 e-con-full e-flex parallax_section_no qode_elementor_container_no e-con e-child\" data-id=\"33d88e5\" data-element_type=\"container\" data-e-type=\"container\">\n\t\t\t\t<div class=\"elementor-element elementor-element-d3b6a77 elementor-widget__width-initial elementor-widget elementor-widget-heading\" data-id=\"d3b6a77\" data-element_type=\"widget\" data-e-type=\"widget\" data-widget_type=\"heading.default\">\n\t\t\t\t<div class=\"elementor-widget-container\">\n\t\t\t\t\t<h6 class=\"elementor-heading-title elementor-size-default\"><p style=\"margin-bottom: 0cm;border-width: initial;border-style: none;padding: 0cm;line-height: 100%\"><br><font face=\"Arial Narrow, sans-serif\"><font size=\"3\"><font color=\"#2a3e32\"><span style=\"background-position: initial\">Terrasse vue sur les <b>Monts de l'Ard\u00e8che<\/b>!<\/h6>\t\t\t\t<\/div>\n\t\t\t\t<\/div>\n\t\t\t\t<div class=\"elementor-element elementor-element-3dc1da8 elementor-widget elementor-widget-spacer\" data-id=\"3dc1da8\" data-element_type=\"widget\" data-e-type=\"widget\" data-widget_type=\"spacer.default\">\n\t\t\t\t<div class=\"elementor-widget-container\">\n\t\t\t\t\t\t\t<div class=\"elementor-spacer\">\n\t\t\t<div class=\"elementor-spacer-inner\"><\/div>\n\t\t<\/div>\n\t\t\t\t\t\t<\/div>\n\t\t\t\t<\/div>\n\t\t\t\t<div class=\"elementor-element elementor-element-6e0fc51 elementor-widget elementor-widget-text-editor\" data-id=\"6e0fc51\" data-element_type=\"widget\" data-e-type=\"widget\" data-widget_type=\"text-editor.default\">\n\t\t\t\t<div class=\"elementor-widget-container\">\n\t\t\t\t\t\t\t\t\t<h1 style=\"margin-bottom: 0cm; border-width: initial; border-style: none; padding: 0cm; line-height: 100%; text-align: center;\"><span style=\"font-family: Arial Narrow, sans-serif;\"><span style=\"font-size: medium;\"><span style=\"color: #2a3e32;\"><span style=\"background-position: initial; background-color: #fff6e2;\"><strong>The Guinguette<\/strong> is an essential place to enjoy a simple and warm moment, with your feet in the grass!<\/span><\/span><\/span><\/span><\/h1>\n<p><\/p>\n<h1 style=\"margin-bottom: 0cm; border-width: initial; border-style: none; padding: 0cm; line-height: 100%; text-align: center;\"><span style=\"font-family: Arial Narrow, sans-serif;\"><span style=\"font-size: medium;\"><span style=\"color: #2a3e32;\"><span style=\"background-position: initial; background-color: #fff6e2;\">A true lively and entertaining place <em>(concerts, sports broadcasts, p\u00e9tanque court&#8230;)<\/em>, ideal for an <strong>ap\u00e9ro board<\/strong> with friends, family or an <strong>ice cream<\/strong> for both kids and adults &#8211; come and discover La Guinguette! <\/span><\/span><\/span><\/span><\/h1>\n<p><\/p>\n<h1 style=\"margin-bottom: 0cm; border-width: initial; border-style: none; padding: 0cm; line-height: 100%; text-align: center;\"><span style=\"font-family: Arial Narrow, sans-serif;\"><span style=\"font-size: medium;\"><span style=\"color: #2a3e32;\"><span style=\"background-position: initial; background-color: #fff6e2;\">Open continuously to everyone: <b> <\/b>campers, visitors and locals!<\/span><\/span><\/span><\/span><\/h1>\n<p><\/p>\n<h1 style=\"margin-bottom: 0cm; border-width: initial; border-style: none; padding: 0cm; line-height: 100%; text-align: center;\"><\/h1>\n<p><\/p>\n<h1 style=\"margin-bottom: 0cm; border-width: initial; border-style: none; padding: 0cm; line-height: 100%; text-align: center;\"><span style=\"font-family: Arial Narrow, sans-serif;\"><span style=\"font-size: medium;\"><span style=\"color: #2a3e32;\"><span style=\"background-position: initial; background-color: #fff6e2;\">From May 1st to September 27th, 2026.<\/span><\/span><\/span><\/span><\/h1>\n<p><\/p>\n<h1 style=\"margin-bottom: 0cm; border-width: initial; border-style: none; padding: 0cm; line-height: 100%; text-align: center;\"><strong><span style=\"font-family: Arial Narrow, sans-serif;\"><span style=\"font-size: medium;\"><span style=\"color: #2a3e32;\"><span style=\"background-position: initial; background-color: #fff6e2;\">Discover the Guinguette menu here soon! <\/span><\/span><\/span><\/span><\/strong><\/h1>\n<p><\/p>\n<h1 style=\"margin-bottom: 0cm; border-width: initial; border-style: none; padding: 0cm; line-height: 100%; text-align: center;\"><\/h1>\n\t\t\t\t\t\t\t\t<\/div>\n\t\t\t\t<\/div>\n\t\t\t\t<div class=\"elementor-element elementor-element-e3e196b elementor-widget elementor-widget-text-editor\" data-id=\"e3e196b\" data-element_type=\"widget\" data-e-type=\"widget\" data-widget_type=\"text-editor.default\">\n\t\t\t\t<div class=\"elementor-widget-container\">\n\t\t\t\t\t\t\t\t\t<p style=\"text-align: center;\"><span style=\"color: #ff9900;\"><em>Excessive alcohol consumption is dangerous for your health. Drink responsibly.<\/em><\/span><\/p>\n\t\t\t\t\t\t\t\t<\/div>\n\t\t\t\t<\/div>\n\t\t\t\t<div class=\"elementor-element elementor-element-0c584a2 elementor-widget elementor-widget-spacer\" data-id=\"0c584a2\" data-element_type=\"widget\" data-e-type=\"widget\" data-widget_type=\"spacer.default\">\n\t\t\t\t<div class=\"elementor-widget-container\">\n\t\t\t\t\t\t\t<div class=\"elementor-spacer\">\n\t\t\t<div class=\"elementor-spacer-inner\"><\/div>\n\t\t<\/div>\n\t\t\t\t\t\t<\/div>\n\t\t\t\t<\/div>\n\t\t\t\t<\/div>\n\t\t\t\t<\/div>\n\t\t<div class=\"elementor-element elementor-element-8c77449 e-grid e-con-full parallax_section_no qode_elementor_container_no e-con e-parent\" data-id=\"8c77449\" data-element_type=\"container\" data-e-type=\"container\">\n\t\t\t\t<div class=\"elementor-element elementor-element-a247e17 elementor-widget elementor-widget-image\" data-id=\"a247e17\" data-element_type=\"widget\" data-e-type=\"widget\" data-widget_type=\"image.default\">\n\t\t\t\t<div class=\"elementor-widget-container\">\n\t\t\t\t\t\t\t\t\t\t\t\t\t\t\t\t<a href=\"http:\/\/www.camping-le-cottet.fr\">\n\t\t\t\t\t\t\t<img fetchpriority=\"high\" decoding=\"async\" width=\"720\" height=\"1024\" src=\"https:\/\/camping-le-cottet.fr\/wp-content\/uploads\/2026\/03\/Flyer-RECTO-Guinguette-1-720x1024.png\" class=\"attachment-large size-large wp-image-10260\" alt=\"affiche vintage d&#039;une terrasse de Guinguette au c\u0153ur du Pilat \u00e0 1h de Lyon et st Etienne, vue sur le monts de l&#039;Ard\u00e8che\" srcset=\"https:\/\/camping-le-cottet.fr\/wp-content\/uploads\/2026\/03\/Flyer-RECTO-Guinguette-1-720x1024.png 720w, https:\/\/camping-le-cottet.fr\/wp-content\/uploads\/2026\/03\/Flyer-RECTO-Guinguette-1-211x300.png 211w, https:\/\/camping-le-cottet.fr\/wp-content\/uploads\/2026\/03\/Flyer-RECTO-Guinguette-1-768x1092.png 768w, https:\/\/camping-le-cottet.fr\/wp-content\/uploads\/2026\/03\/Flyer-RECTO-Guinguette-1-1080x1536.png 1080w, https:\/\/camping-le-cottet.fr\/wp-content\/uploads\/2026\/03\/Flyer-RECTO-Guinguette-1-700x996.png 700w, https:\/\/camping-le-cottet.fr\/wp-content\/uploads\/2026\/03\/Flyer-RECTO-Guinguette-1.png 1165w\" sizes=\"(max-width: 720px) 100vw, 720px\" \/>\t\t\t\t\t\t\t\t<\/a>\n\t\t\t\t\t\t\t\t\t\t\t\t\t\t\t<\/div>\n\t\t\t\t<\/div>\n\t\t\t\t<div class=\"elementor-element elementor-element-dfabba0 elementor-widget__width-inherit elementor-widget elementor-widget-image\" data-id=\"dfabba0\" data-element_type=\"widget\" data-e-type=\"widget\" data-widget_type=\"image.default\">\n\t\t\t\t<div class=\"elementor-widget-container\">\n\t\t\t\t\t\t\t\t\t\t\t\t\t\t\t\t<a href=\"http:\/\/www.camping-le-cottet.fr\">\n\t\t\t\t\t\t\t<img decoding=\"async\" width=\"768\" height=\"1024\" src=\"https:\/\/camping-le-cottet.fr\/wp-content\/uploads\/2025\/12\/Camping-Le-Cottet-Saint-Appolinard-Inauguration-de-la-guinguette-_2_-768x1024.jpg\" class=\"attachment-large size-large wp-image-9810\" alt=\"\" srcset=\"https:\/\/camping-le-cottet.fr\/wp-content\/uploads\/2025\/12\/Camping-Le-Cottet-Saint-Appolinard-Inauguration-de-la-guinguette-_2_-768x1024.jpg 768w, https:\/\/camping-le-cottet.fr\/wp-content\/uploads\/2025\/12\/Camping-Le-Cottet-Saint-Appolinard-Inauguration-de-la-guinguette-_2_-225x300.jpg 225w, https:\/\/camping-le-cottet.fr\/wp-content\/uploads\/2025\/12\/Camping-Le-Cottet-Saint-Appolinard-Inauguration-de-la-guinguette-_2_-1152x1536.jpg 1152w, https:\/\/camping-le-cottet.fr\/wp-content\/uploads\/2025\/12\/Camping-Le-Cottet-Saint-Appolinard-Inauguration-de-la-guinguette-_2_-600x800.jpg 600w, https:\/\/camping-le-cottet.fr\/wp-content\/uploads\/2025\/12\/Camping-Le-Cottet-Saint-Appolinard-Inauguration-de-la-guinguette-_2_-700x934.jpg 700w, https:\/\/camping-le-cottet.fr\/wp-content\/uploads\/2025\/12\/Camping-Le-Cottet-Saint-Appolinard-Inauguration-de-la-guinguette-_2_.jpg 1280w\" sizes=\"(max-width: 768px) 100vw, 768px\" \/>\t\t\t\t\t\t\t\t<\/a>\n\t\t\t\t\t\t\t\t\t\t\t\t\t\t\t<\/div>\n\t\t\t\t<\/div>\n\t\t\t\t<div class=\"elementor-element elementor-element-63f336b elementor-widget elementor-widget-image\" data-id=\"63f336b\" data-element_type=\"widget\" data-e-type=\"widget\" data-widget_type=\"image.default\">\n\t\t\t\t<div class=\"elementor-widget-container\">\n\t\t\t\t\t\t\t\t\t\t\t\t\t\t\t\t<a href=\"http:\/\/www.camping-le-cottet.fr\">\n\t\t\t\t\t\t\t<img decoding=\"async\" width=\"721\" height=\"1024\" src=\"https:\/\/camping-le-cottet.fr\/wp-content\/uploads\/2026\/03\/Flyer-VERSO-Guinguette-721x1024.png\" class=\"attachment-large size-large wp-image-10262\" alt=\"affiche vintage d&#039;une terrasse de Guinguette au c\u0153ur du Pilat \u00e0 1h de Lyon et st Etienne, vue sur le monts de l&#039;Ard\u00e8che.  Programmation de concert plein air et des rediffusions de match de foot.\" srcset=\"https:\/\/camping-le-cottet.fr\/wp-content\/uploads\/2026\/03\/Flyer-VERSO-Guinguette-721x1024.png 721w, https:\/\/camping-le-cottet.fr\/wp-content\/uploads\/2026\/03\/Flyer-VERSO-Guinguette-211x300.png 211w, https:\/\/camping-le-cottet.fr\/wp-content\/uploads\/2026\/03\/Flyer-VERSO-Guinguette-768x1090.png 768w, https:\/\/camping-le-cottet.fr\/wp-content\/uploads\/2026\/03\/Flyer-VERSO-Guinguette-1082x1536.png 1082w, https:\/\/camping-le-cottet.fr\/wp-content\/uploads\/2026\/03\/Flyer-VERSO-Guinguette-700x994.png 700w, https:\/\/camping-le-cottet.fr\/wp-content\/uploads\/2026\/03\/Flyer-VERSO-Guinguette.png 1165w\" sizes=\"(max-width: 721px) 100vw, 721px\" \/>\t\t\t\t\t\t\t\t<\/a>\n\t\t\t\t\t\t\t\t\t\t\t\t\t\t\t<\/div>\n\t\t\t\t<\/div>\n\t\t\t\t<\/div>\n\t\t<div class=\"elementor-element elementor-element-229bc11 e-flex e-con-boxed parallax_section_no qode_elementor_container_no e-con e-parent\" data-id=\"229bc11\" data-element_type=\"container\" data-e-type=\"container\">\n\t\t\t\t\t<div class=\"e-con-inner\">\n\t\t\t\t<div class=\"elementor-element elementor-element-4658765 elementor-widget elementor-widget-spacer\" data-id=\"4658765\" data-element_type=\"widget\" data-e-type=\"widget\" data-widget_type=\"spacer.default\">\n\t\t\t\t<div class=\"elementor-widget-container\">\n\t\t\t\t\t\t\t<div class=\"elementor-spacer\">\n\t\t\t<div class=\"elementor-spacer-inner\"><\/div>\n\t\t<\/div>\n\t\t\t\t\t\t<\/div>\n\t\t\t\t<\/div>\n\t\t\t\t<div class=\"elementor-element elementor-element-69b9e01 elementor-widget elementor-widget-image\" data-id=\"69b9e01\" data-element_type=\"widget\" data-e-type=\"widget\" data-widget_type=\"image.default\">\n\t\t\t\t<div class=\"elementor-widget-container\">\n\t\t\t\t\t\t\t\t\t\t\t\t\t\t\t\t<a href=\"http:\/\/www.camping-le-cottet.fr\">\n\t\t\t\t\t\t\t<img loading=\"lazy\" decoding=\"async\" width=\"512\" height=\"512\" src=\"https:\/\/camping-le-cottet.fr\/wp-content\/uploads\/2025\/11\/cropped-Logo-LeCottet-2026.png\" class=\"attachment-large size-large wp-image-7226\" alt=\"\" srcset=\"https:\/\/camping-le-cottet.fr\/wp-content\/uploads\/2025\/11\/cropped-Logo-LeCottet-2026.png 512w, https:\/\/camping-le-cottet.fr\/wp-content\/uploads\/2025\/11\/cropped-Logo-LeCottet-2026-300x300.png 300w, https:\/\/camping-le-cottet.fr\/wp-content\/uploads\/2025\/11\/cropped-Logo-LeCottet-2026-150x150.png 150w, https:\/\/camping-le-cottet.fr\/wp-content\/uploads\/2025\/11\/cropped-Logo-LeCottet-2026-500x500.png 500w, https:\/\/camping-le-cottet.fr\/wp-content\/uploads\/2025\/11\/cropped-Logo-LeCottet-2026-270x270.png 270w, https:\/\/camping-le-cottet.fr\/wp-content\/uploads\/2025\/11\/cropped-Logo-LeCottet-2026-192x192.png 192w, https:\/\/camping-le-cottet.fr\/wp-content\/uploads\/2025\/11\/cropped-Logo-LeCottet-2026-180x180.png 180w, https:\/\/camping-le-cottet.fr\/wp-content\/uploads\/2025\/11\/cropped-Logo-LeCottet-2026-32x32.png 32w\" sizes=\"(max-width: 512px) 100vw, 512px\" \/>\t\t\t\t\t\t\t\t<\/a>\n\t\t\t\t\t\t\t\t\t\t\t\t\t\t\t<\/div>\n\t\t\t\t<\/div>\n\t\t\t\t<div class=\"elementor-element elementor-element-8942c34 elementor-widget elementor-widget-spacer\" data-id=\"8942c34\" data-element_type=\"widget\" data-e-type=\"widget\" data-widget_type=\"spacer.default\">\n\t\t\t\t<div class=\"elementor-widget-container\">\n\t\t\t\t\t\t\t<div class=\"elementor-spacer\">\n\t\t\t<div class=\"elementor-spacer-inner\"><\/div>\n\t\t<\/div>\n\t\t\t\t\t\t<\/div>\n\t\t\t\t<\/div>\n\t\t\t\t\t<\/div>\n\t\t\t\t<\/div>\n\t\t\t\t<\/div>\n\t\t","protected":false},"excerpt":{"rendered":"<p>Terrasse vue sur les Monts de l&#8217;Ard\u00e8che! The Guinguette is an essential place to enjoy a simple and warm moment, with your feet in the grass! A true lively and entertaining place (concerts, sports broadcasts, p\u00e9tanque court&#8230;), ideal for an ap\u00e9ro board with friends, family or an ice cream for both kids and adults &#8211; come and discover La Guinguette! Open continuously to everyone: campers, visitors and locals! From May 1st to September 27th, 2026. Discover the Guinguette menu here soon! Excessive alcohol consumption is dangerous for your health. Drink responsibly.<\/p>\n","protected":false},"author":5,"featured_media":0,"parent":0,"menu_order":0,"comment_status":"closed","ping_status":"closed","template":"full_width.php","meta":{"footnotes":""},"class_list":["post-8509","page","type-page","status-publish","hentry"],"_links":{"self":[{"href":"https:\/\/camping-le-cottet.fr\/en\/wp-json\/wp\/v2\/pages\/8509","targetHints":{"allow":["GET"]}}],"collection":[{"href":"https:\/\/camping-le-cottet.fr\/en\/wp-json\/wp\/v2\/pages"}],"about":[{"href":"https:\/\/camping-le-cottet.fr\/en\/wp-json\/wp\/v2\/types\/page"}],"author":[{"embeddable":true,"href":"https:\/\/camping-le-cottet.fr\/en\/wp-json\/wp\/v2\/users\/5"}],"replies":[{"embeddable":true,"href":"https:\/\/camping-le-cottet.fr\/en\/wp-json\/wp\/v2\/comments?post=8509"}],"version-history":[{"count":73,"href":"https:\/\/camping-le-cottet.fr\/en\/wp-json\/wp\/v2\/pages\/8509\/revisions"}],"predecessor-version":[{"id":10268,"href":"https:\/\/camping-le-cottet.fr\/en\/wp-json\/wp\/v2\/pages\/8509\/revisions\/10268"}],"wp:attachment":[{"href":"https:\/\/camping-le-cottet.fr\/en\/wp-json\/wp\/v2\/media?parent=8509"}],"curies":[{"name":"wp","href":"https:\/\/api.w.org\/{rel}","templated":true}]}}